{"id":8762,"date":"2024-04-17T16:04:47","date_gmt":"2024-04-17T14:04:47","guid":{"rendered":"https:\/\/ferme-integrale.org\/?page_id=8762"},"modified":"2025-12-18T12:00:10","modified_gmt":"2025-12-18T11:00:10","slug":"notre-boutique","status":"publish","type":"page","link":"https:\/\/ferme-integrale.org\/en\/notre-boutique\/","title":{"rendered":"Our shop"},"content":{"rendered":"<div data-elementor-type=\"wp-page\" data-elementor-id=\"8762\" class=\"elementor elementor-8762\" data-elementor-post-type=\"page\">\n\t\t\t\t\t\t<section class=\"elementor-section elementor-top-section elementor-element elementor-element-1ff48a40 elementor-section-boxed elementor-section-height-default elementor-section-height-default\" data-id=\"1ff48a40\" data-element_type=\"section\" data-e-type=\"section\">\n\t\t\t\t\t\t<div class=\"elementor-container elementor-column-gap-default\">\n\t\t\t\t\t<div class=\"elementor-column elementor-col-100 elementor-top-column elementor-element elementor-element-4c39cc6c\" data-id=\"4c39cc6c\" data-element_type=\"column\" data-e-type=\"column\">\n\t\t\t<div class=\"elementor-widget-wrap elementor-element-populated\">\n\t\t\t\t\t\t<div class=\"elementor-element elementor-element-04c5fb6 elementor-widget elementor-widget-heading\" data-id=\"04c5fb6\" data-element_type=\"widget\" data-e-type=\"widget\" data-widget_type=\"heading.default\">\n\t\t\t\t<div class=\"elementor-widget-container\">\n\t\t\t\t\t<h2 class=\"elementor-heading-title elementor-size-default\">Farm sales or home delivery <\/h2>\t\t\t\t<\/div>\n\t\t\t\t<\/div>\n\t\t\t\t<div class=\"elementor-element elementor-element-375c927 elementor-widget elementor-widget-text-editor\" data-id=\"375c927\" data-element_type=\"widget\" data-e-type=\"widget\" data-widget_type=\"text-editor.default\">\n\t\t\t\t<div class=\"elementor-widget-container\">\n\t\t\t\t\t\t\t\t\t<p><strong>Farm shop opening times :&nbsp;<\/strong><\/p>\n<ul>\n<li dir=\"auto\">Monday to Friday 9am - 12pm, 2pm - 5pm except public holidays<\/li>\n<\/ul>\n<p><strong>Home delivery<\/strong><\/p>\n<p>As home deliveries are expensive, we advise you to group your orders together to reduce costs.<\/p>\n<p><b>Informations compl\u00e9mentaires :&nbsp;<\/b><\/p>\n<p>Si vous souhaitez r\u00e9cup\u00e9rer du sandre entier brut \u00e0 la ferme, merci de nous contacter en avance.<\/p>\n<p><\/p>\t\t\t\t\t\t\t\t<\/div>\n\t\t\t\t<\/div>\n\t\t\t\t<div class=\"elementor-element elementor-element-d1cc6ea elementor-widget elementor-widget-html\" data-id=\"d1cc6ea\" data-element_type=\"widget\" data-e-type=\"widget\" data-widget_type=\"html.default\">\n\t\t\t\t<div class=\"elementor-widget-container\">\n\t\t\t\t\t\n<p><script type=\"text\/javascript\">window.kuuFormIframeConfig={\"formContainer\":\"#kuuFormContent\",\"embedded\":true,\"producerType\":\"SINGLE\",\"saleChannel\":\"STANDARD\",\"producerId\":\"6463\",\"domain\":\"granvillage.com\",\"hideInfo\":true,\"hideCover\":true};(function (){const s=document.createElement(\"script\");s.src=\"https:\/\/prod-kuu-brand-assets.s3.eu-west-3.amazonaws.com\/embed.js\";document.getElementsByTagName(\"head\")[0].appendChild(s);})()<\/script><\/p>\n<div id=\"kuuFormContent\">\u00a0<\/div>\n\t\t\t\t<\/div>\n\t\t\t\t<\/div>\n\t\t\t\t\t<\/div>\n\t\t<\/div>\n\t\t\t\t\t<\/div>\n\t\t<\/section>\n\t\t\t\t<section class=\"elementor-section elementor-top-section elementor-element elementor-element-bc7d03e elementor-section-boxed elementor-section-height-default elementor-section-height-default\" data-id=\"bc7d03e\" data-element_type=\"section\" data-e-type=\"section\">\n\t\t\t\t\t\t<div class=\"elementor-container elementor-column-gap-default\">\n\t\t\t\t\t<div class=\"elementor-column elementor-col-100 elementor-top-column elementor-element elementor-element-7678338\" data-id=\"7678338\" data-element_type=\"column\" data-e-type=\"column\">\n\t\t\t<div class=\"elementor-widget-wrap elementor-element-populated\">\n\t\t\t\t\t\t<div class=\"elementor-element elementor-element-665d6d7 elementor-widget elementor-widget-button\" data-id=\"665d6d7\" data-element_type=\"widget\" data-e-type=\"widget\" data-widget_type=\"button.default\">\n\t\t\t\t<div class=\"elementor-widget-container\">\n\t\t\t\t\t\t\t\t\t<div class=\"elementor-button-wrapper\">\n\t\t\t\t\t<a class=\"elementor-button elementor-button-link elementor-size-sm\" href=\"#\">\n\t\t\t\t\t\t<span class=\"elementor-button-content-wrapper\">\n\t\t\t\t\t\t\t\t\t<span class=\"elementor-button-text\">Cliquez ici<\/span>\n\t\t\t\t\t<\/span>\n\t\t\t\t\t<\/a>\n\t\t\t\t<\/div>\n\t\t\t\t\t\t\t\t<\/div>\n\t\t\t\t<\/div>\n\t\t\t\t\t<\/div>\n\t\t<\/div>\n\t\t\t\t\t<\/div>\n\t\t<\/section>\n\t\t\t\t<\/div>","protected":false},"excerpt":{"rendered":"<p>Ventes \u00e0 la ferme ou livraison chez vous Horaires d&rsquo;ouverture de la boutique \u00e0 la ferme :&nbsp; Du lundi au vendredi 9h &#8211; 12h, 14h &#8211; 17h sauf jours f\u00e9ri\u00e9s Livraison chez vous Pour les livraisons \u00e0 domicile, les frais de port \u00e9tant on\u00e9reux, nous vous conseillons de regrouper les commandes pour r\u00e9duire les frais. [&hellip;]<\/p>","protected":false},"author":4,"featured_media":0,"parent":0,"menu_order":0,"comment_status":"closed","ping_status":"closed","template":"","meta":{"footnotes":""},"class_list":["post-8762","page","type-page","status-publish","hentry"],"yoast_head":"<!-- This site is optimized with the Yoast SEO plugin v27.4 - https:\/\/yoast.com\/product\/yoast-seo-wordpress\/ -->\n<title>Notre boutique - La Ferme Int\u00e9grale<\/title>\n<meta name=\"robots\" content=\"index, follow, max-snippet:-1, max-image-preview:large, max-video-preview:-1\" \/>\n<link rel=\"canonical\" href=\"https:\/\/ferme-integrale.org\/en\/notre-boutique\/\" \/>\n<meta property=\"og:locale\" content=\"en_GB\" \/>\n<meta property=\"og:type\" content=\"article\" \/>\n<meta property=\"og:title\" content=\"Notre boutique - La Ferme Int\u00e9grale\" \/>\n<meta property=\"og:description\" content=\"Ventes \u00e0 la ferme ou livraison chez vous Horaires d&rsquo;ouverture de la boutique \u00e0 la ferme :&nbsp; Du lundi au vendredi 9h &#8211; 12h, 14h &#8211; 17h sauf jours f\u00e9ri\u00e9s Livraison chez vous Pour les livraisons \u00e0 domicile, les frais de port \u00e9tant on\u00e9reux, nous vous conseillons de regrouper les commandes pour r\u00e9duire les frais. [&hellip;]\" \/>\n<meta property=\"og:url\" content=\"https:\/\/ferme-integrale.org\/en\/notre-boutique\/\" \/>\n<meta property=\"og:site_name\" content=\"La Ferme Int\u00e9grale\" \/>\n<meta property=\"article:publisher\" content=\"https:\/\/www.facebook.com\/lafermeintegrale\/\" \/>\n<meta property=\"article:modified_time\" content=\"2025-12-18T11:00:10+00:00\" \/>\n<meta name=\"twitter:card\" content=\"summary_large_image\" \/>\n<meta name=\"twitter:label1\" content=\"Estimated reading time\" \/>\n\t<meta name=\"twitter:data1\" content=\"1 minute\" \/>\n<script type=\"application\/ld+json\" class=\"yoast-schema-graph\">{\"@context\":\"https:\\\/\\\/schema.org\",\"@graph\":[{\"@type\":\"WebPage\",\"@id\":\"https:\\\/\\\/ferme-integrale.org\\\/notre-boutique\\\/\",\"url\":\"https:\\\/\\\/ferme-integrale.org\\\/notre-boutique\\\/\",\"name\":\"Notre boutique - La Ferme Int\u00e9grale\",\"isPartOf\":{\"@id\":\"https:\\\/\\\/ferme-integrale.org\\\/#website\"},\"datePublished\":\"2024-04-17T14:04:47+00:00\",\"dateModified\":\"2025-12-18T11:00:10+00:00\",\"inLanguage\":\"en-GB\",\"potentialAction\":[{\"@type\":\"ReadAction\",\"target\":[\"https:\\\/\\\/ferme-integrale.org\\\/notre-boutique\\\/\"]}]},{\"@type\":\"WebSite\",\"@id\":\"https:\\\/\\\/ferme-integrale.org\\\/#website\",\"url\":\"https:\\\/\\\/ferme-integrale.org\\\/\",\"name\":\"La Ferme Int\u00e9grale\",\"description\":\"Des produits frais, aux portes des villes\",\"publisher\":{\"@id\":\"https:\\\/\\\/ferme-integrale.org\\\/#organization\"},\"potentialAction\":[{\"@type\":\"SearchAction\",\"target\":{\"@type\":\"EntryPoint\",\"urlTemplate\":\"https:\\\/\\\/ferme-integrale.org\\\/?s={search_term_string}\"},\"query-input\":{\"@type\":\"PropertyValueSpecification\",\"valueRequired\":true,\"valueName\":\"search_term_string\"}}],\"inLanguage\":\"en-GB\"},{\"@type\":\"Organization\",\"@id\":\"https:\\\/\\\/ferme-integrale.org\\\/#organization\",\"name\":\"La Ferme Int\u00e9grale\",\"url\":\"https:\\\/\\\/ferme-integrale.org\\\/\",\"logo\":{\"@type\":\"ImageObject\",\"inLanguage\":\"en-GB\",\"@id\":\"https:\\\/\\\/ferme-integrale.org\\\/#\\\/schema\\\/logo\\\/image\\\/\",\"url\":\"https:\\\/\\\/ferme-integrale.org\\\/wp-content\\\/uploads\\\/2023\\\/02\\\/Logo-LFI_N.png\",\"contentUrl\":\"https:\\\/\\\/ferme-integrale.org\\\/wp-content\\\/uploads\\\/2023\\\/02\\\/Logo-LFI_N.png\",\"width\":554,\"height\":353,\"caption\":\"La Ferme Int\u00e9grale\"},\"image\":{\"@id\":\"https:\\\/\\\/ferme-integrale.org\\\/#\\\/schema\\\/logo\\\/image\\\/\"},\"sameAs\":[\"https:\\\/\\\/www.facebook.com\\\/lafermeintegrale\\\/\",\"https:\\\/\\\/www.linkedin.com\\\/company\\\/la-ferme-integrale\",\"https:\\\/\\\/www.instagram.com\\\/lafermeintegrale\\\/\"]}]}<\/script>\n<!-- \/ Yoast SEO plugin. -->","yoast_head_json":{"title":"Notre boutique - La Ferme Int\u00e9grale","robots":{"index":"index","follow":"follow","max-snippet":"max-snippet:-1","max-image-preview":"max-image-preview:large","max-video-preview":"max-video-preview:-1"},"canonical":"https:\/\/ferme-integrale.org\/en\/notre-boutique\/","og_locale":"en_GB","og_type":"article","og_title":"Notre boutique - La Ferme Int\u00e9grale","og_description":"Ventes \u00e0 la ferme ou livraison chez vous Horaires d&rsquo;ouverture de la boutique \u00e0 la ferme :&nbsp; Du lundi au vendredi 9h &#8211; 12h, 14h &#8211; 17h sauf jours f\u00e9ri\u00e9s Livraison chez vous Pour les livraisons \u00e0 domicile, les frais de port \u00e9tant on\u00e9reux, nous vous conseillons de regrouper les commandes pour r\u00e9duire les frais. [&hellip;]","og_url":"https:\/\/ferme-integrale.org\/en\/notre-boutique\/","og_site_name":"La Ferme Int\u00e9grale","article_publisher":"https:\/\/www.facebook.com\/lafermeintegrale\/","article_modified_time":"2025-12-18T11:00:10+00:00","twitter_card":"summary_large_image","twitter_misc":{"Estimated reading time":"1 minute"},"schema":{"@context":"https:\/\/schema.org","@graph":[{"@type":"WebPage","@id":"https:\/\/ferme-integrale.org\/notre-boutique\/","url":"https:\/\/ferme-integrale.org\/notre-boutique\/","name":"Notre boutique - La Ferme Int\u00e9grale","isPartOf":{"@id":"https:\/\/ferme-integrale.org\/#website"},"datePublished":"2024-04-17T14:04:47+00:00","dateModified":"2025-12-18T11:00:10+00:00","inLanguage":"en-GB","potentialAction":[{"@type":"ReadAction","target":["https:\/\/ferme-integrale.org\/notre-boutique\/"]}]},{"@type":"WebSite","@id":"https:\/\/ferme-integrale.org\/#website","url":"https:\/\/ferme-integrale.org\/","name":"La Ferme Int\u00e9grale","description":"Des produits frais, aux portes des villes","publisher":{"@id":"https:\/\/ferme-integrale.org\/#organization"},"potentialAction":[{"@type":"SearchAction","target":{"@type":"EntryPoint","urlTemplate":"https:\/\/ferme-integrale.org\/?s={search_term_string}"},"query-input":{"@type":"PropertyValueSpecification","valueRequired":true,"valueName":"search_term_string"}}],"inLanguage":"en-GB"},{"@type":"Organization","@id":"https:\/\/ferme-integrale.org\/#organization","name":"La Ferme Int\u00e9grale","url":"https:\/\/ferme-integrale.org\/","logo":{"@type":"ImageObject","inLanguage":"en-GB","@id":"https:\/\/ferme-integrale.org\/#\/schema\/logo\/image\/","url":"https:\/\/ferme-integrale.org\/wp-content\/uploads\/2023\/02\/Logo-LFI_N.png","contentUrl":"https:\/\/ferme-integrale.org\/wp-content\/uploads\/2023\/02\/Logo-LFI_N.png","width":554,"height":353,"caption":"La Ferme Int\u00e9grale"},"image":{"@id":"https:\/\/ferme-integrale.org\/#\/schema\/logo\/image\/"},"sameAs":["https:\/\/www.facebook.com\/lafermeintegrale\/","https:\/\/www.linkedin.com\/company\/la-ferme-integrale","https:\/\/www.instagram.com\/lafermeintegrale\/"]}]}},"_links":{"self":[{"href":"https:\/\/ferme-integrale.org\/en\/wp-json\/wp\/v2\/pages\/8762","targetHints":{"allow":["GET"]}}],"collection":[{"href":"https:\/\/ferme-integrale.org\/en\/wp-json\/wp\/v2\/pages"}],"about":[{"href":"https:\/\/ferme-integrale.org\/en\/wp-json\/wp\/v2\/types\/page"}],"author":[{"embeddable":true,"href":"https:\/\/ferme-integrale.org\/en\/wp-json\/wp\/v2\/users\/4"}],"replies":[{"embeddable":true,"href":"https:\/\/ferme-integrale.org\/en\/wp-json\/wp\/v2\/comments?post=8762"}],"version-history":[{"count":24,"href":"https:\/\/ferme-integrale.org\/en\/wp-json\/wp\/v2\/pages\/8762\/revisions"}],"predecessor-version":[{"id":9985,"href":"https:\/\/ferme-integrale.org\/en\/wp-json\/wp\/v2\/pages\/8762\/revisions\/9985"}],"wp:attachment":[{"href":"https:\/\/ferme-integrale.org\/en\/wp-json\/wp\/v2\/media?parent=8762"}],"curies":[{"name":"wp","href":"https:\/\/api.w.org\/{rel}","templated":true}]}}