{"id":87,"date":"2022-09-05T14:12:15","date_gmt":"2022-09-05T12:12:15","guid":{"rendered":"https:\/\/ferme-integrale.org\/?page_id=87"},"modified":"2025-06-02T14:30:29","modified_gmt":"2025-06-02T12:30:29","slug":"contact","status":"publish","type":"page","link":"https:\/\/ferme-integrale.org\/en\/contact\/","title":{"rendered":"Contact"},"content":{"rendered":"<div data-elementor-type=\"wp-page\" data-elementor-id=\"87\" class=\"elementor elementor-87\" data-elementor-post-type=\"page\">\n\t\t\t\t\t\t<section class=\"elementor-section elementor-top-section elementor-element elementor-element-ff95490 elementor-section-boxed elementor-section-height-default elementor-section-height-default\" data-id=\"ff95490\" data-element_type=\"section\" data-e-type=\"section\">\n\t\t\t\t\t\t<div class=\"elementor-container elementor-column-gap-default\">\n\t\t\t\t\t<div class=\"elementor-column elementor-col-100 elementor-top-column elementor-element elementor-element-6844528\" data-id=\"6844528\" data-element_type=\"column\" data-e-type=\"column\">\n\t\t\t<div class=\"elementor-widget-wrap elementor-element-populated\">\n\t\t\t\t\t\t<div class=\"elementor-element elementor-element-b8966a8 elementor-widget elementor-widget-heading\" data-id=\"b8966a8\" data-element_type=\"widget\" data-e-type=\"widget\" data-widget_type=\"heading.default\">\n\t\t\t\t<div class=\"elementor-widget-container\">\n\t\t\t\t\t<h2 class=\"elementor-heading-title elementor-size-default\">come and see us!<\/h2>\t\t\t\t<\/div>\n\t\t\t\t<\/div>\n\t\t\t\t<section class=\"elementor-section elementor-inner-section elementor-element elementor-element-9725614 elementor-section-boxed elementor-section-height-default elementor-section-height-default\" data-id=\"9725614\" data-element_type=\"section\" data-e-type=\"section\">\n\t\t\t\t\t\t<div class=\"elementor-container elementor-column-gap-default\">\n\t\t\t\t\t<div class=\"elementor-column elementor-col-33 elementor-inner-column elementor-element elementor-element-92cc7da\" data-id=\"92cc7da\" data-element_type=\"column\" data-e-type=\"column\">\n\t\t\t<div class=\"elementor-widget-wrap elementor-element-populated\">\n\t\t\t\t\t\t<div class=\"elementor-element elementor-element-4bbbbe9 elementor-widget elementor-widget-heading\" data-id=\"4bbbbe9\" data-element_type=\"widget\" data-e-type=\"widget\" data-widget_type=\"heading.default\">\n\t\t\t\t<div class=\"elementor-widget-container\">\n\t\t\t\t\t<h4 class=\"elementor-heading-title elementor-size-default\">Our address<\/h4>\t\t\t\t<\/div>\n\t\t\t\t<\/div>\n\t\t\t\t<div class=\"elementor-element elementor-element-2bfdeb4 elementor-widget elementor-widget-text-editor\" data-id=\"2bfdeb4\" data-element_type=\"widget\" data-e-type=\"widget\" data-widget_type=\"text-editor.default\">\n\t\t\t\t<div class=\"elementor-widget-container\">\n\t\t\t\t\t\t\t\t\t<p>222 rue des bleuets,<br\/>\n26730 La Baume d&rsquo;Hostun<\/p>\t\t\t\t\t\t\t\t<\/div>\n\t\t\t\t<\/div>\n\t\t\t\t<div class=\"elementor-element elementor-element-34a4bea elementor-widget elementor-widget-heading\" data-id=\"34a4bea\" data-element_type=\"widget\" data-e-type=\"widget\" data-widget_type=\"heading.default\">\n\t\t\t\t<div class=\"elementor-widget-container\">\n\t\t\t\t\t<h4 class=\"elementor-heading-title elementor-size-default\">Telephone<\/h4>\t\t\t\t<\/div>\n\t\t\t\t<\/div>\n\t\t\t\t<div class=\"elementor-element elementor-element-dd73267 elementor-widget elementor-widget-text-editor\" data-id=\"dd73267\" data-element_type=\"widget\" data-e-type=\"widget\" data-widget_type=\"text-editor.default\">\n\t\t\t\t<div class=\"elementor-widget-container\">\n\t\t\t\t\t\t\t\t\t<p>04 75 45 02 60<\/p>\t\t\t\t\t\t\t\t<\/div>\n\t\t\t\t<\/div>\n\t\t\t\t<div class=\"elementor-element elementor-element-adfe7ec elementor-widget elementor-widget-heading\" data-id=\"adfe7ec\" data-element_type=\"widget\" data-e-type=\"widget\" data-widget_type=\"heading.default\">\n\t\t\t\t<div class=\"elementor-widget-container\">\n\t\t\t\t\t<h4 class=\"elementor-heading-title elementor-size-default\">Opening hours<\/h4>\t\t\t\t<\/div>\n\t\t\t\t<\/div>\n\t\t\t\t<div class=\"elementor-element elementor-element-228d7c4 elementor-widget elementor-widget-text-editor\" data-id=\"228d7c4\" data-element_type=\"widget\" data-e-type=\"widget\" data-widget_type=\"text-editor.default\">\n\t\t\t\t<div class=\"elementor-widget-container\">\n\t\t\t\t\t\t\t\t\t<ul><li>9am - 5pm Monday to Friday<\/li><li>Ventes \u00e0 la ferme : 9h -12h et 14h &#8211; 17h du lundi au vendredi\u00a0<\/li><\/ul>\t\t\t\t\t\t\t\t<\/div>\n\t\t\t\t<\/div>\n\t\t\t\t\t<\/div>\n\t\t<\/div>\n\t\t\t\t<div class=\"elementor-column elementor-col-66 elementor-inner-column elementor-element elementor-element-3ac03a9\" data-id=\"3ac03a9\" data-element_type=\"column\" data-e-type=\"column\">\n\t\t\t<div class=\"elementor-widget-wrap elementor-element-populated\">\n\t\t\t\t\t\t<div class=\"elementor-element elementor-element-c498daf elementor-widget elementor-widget-google_maps\" data-id=\"c498daf\" data-element_type=\"widget\" data-e-type=\"widget\" data-widget_type=\"google_maps.default\">\n\t\t\t\t<div class=\"elementor-widget-container\">\n\t\t\t\t\t\t\t<div class=\"elementor-custom-embed\">\n\t\t\t<iframe loading=\"lazy\"\n\t\t\t\t\tsrc=\"https:\/\/maps.google.com\/maps?q=222%20rue%20des%20bleuets%2C%2026730%20La%20Baume%20d%27Hostun&#038;t=m&#038;z=10&#038;output=embed&#038;iwloc=near\"\n\t\t\t\t\ttitle=\"222 rue des bleuets, 26730 La Baume d&#039;Hostun\"\n\t\t\t\t\taria-label=\"222 rue des bleuets, 26730 La Baume d&#039;Hostun\"\n\t\t\t><\/iframe>\n\t\t<\/div>\n\t\t\t\t\t\t<\/div>\n\t\t\t\t<\/div>\n\t\t\t\t\t<\/div>\n\t\t<\/div>\n\t\t\t\t\t<\/div>\n\t\t<\/section>\n\t\t\t\t\t<\/div>\n\t\t<\/div>\n\t\t\t\t\t<\/div>\n\t\t<\/section>\n\t\t\t\t<section class=\"elementor-section elementor-top-section elementor-element elementor-element-f545116 elementor-section-boxed elementor-section-height-default elementor-section-height-default\" data-id=\"f545116\" data-element_type=\"section\" data-e-type=\"section\" data-settings=\"{&quot;background_background&quot;:&quot;classic&quot;}\">\n\t\t\t\t\t\t<div class=\"elementor-container elementor-column-gap-default\">\n\t\t\t\t\t<div class=\"elementor-column elementor-col-100 elementor-top-column elementor-element elementor-element-a24ae8d\" data-id=\"a24ae8d\" data-element_type=\"column\" data-e-type=\"column\" data-settings=\"{&quot;background_background&quot;:&quot;classic&quot;}\">\n\t\t\t<div class=\"elementor-widget-wrap elementor-element-populated\">\n\t\t\t\t\t\t<section class=\"elementor-section elementor-inner-section elementor-element elementor-element-00cbf04 elementor-section-boxed elementor-section-height-default elementor-section-height-default\" data-id=\"00cbf04\" data-element_type=\"section\" data-e-type=\"section\">\n\t\t\t\t\t\t<div class=\"elementor-container elementor-column-gap-default\">\n\t\t\t\t\t<div class=\"elementor-column elementor-col-100 elementor-inner-column elementor-element elementor-element-faea406\" data-id=\"faea406\" data-element_type=\"column\" data-e-type=\"column\">\n\t\t\t<div class=\"elementor-widget-wrap elementor-element-populated\">\n\t\t\t\t\t\t<div class=\"elementor-element elementor-element-b052e9f elementor-widget elementor-widget-heading\" data-id=\"b052e9f\" data-element_type=\"widget\" data-e-type=\"widget\" data-widget_type=\"heading.default\">\n\t\t\t\t<div class=\"elementor-widget-container\">\n\t\t\t\t\t<h2 class=\"elementor-heading-title elementor-size-default\">Or contact us here!<\/h2>\t\t\t\t<\/div>\n\t\t\t\t<\/div>\n\t\t\t\t\t<\/div>\n\t\t<\/div>\n\t\t\t\t\t<\/div>\n\t\t<\/section>\n\t\t\t\t<div class=\"elementor-element elementor-element-d172724 elementor-widget elementor-widget-text-editor\" data-id=\"d172724\" data-element_type=\"widget\" data-e-type=\"widget\" data-widget_type=\"text-editor.default\">\n\t\t\t\t<div class=\"elementor-widget-container\">\n\t\t\t\t\t\t\t\t\t<p>Need more information? A request for a quote? Want to say hello? Write to us here!<\/p>\t\t\t\t\t\t\t\t<\/div>\n\t\t\t\t<\/div>\n\t\t\t\t<div class=\"elementor-element elementor-element-95ae879 elementor-button-align-center elementor-widget elementor-widget-form\" data-id=\"95ae879\" data-element_type=\"widget\" data-e-type=\"widget\" data-settings=\"{&quot;step_next_label&quot;:&quot;Next&quot;,&quot;step_previous_label&quot;:&quot;Previous&quot;,&quot;button_width&quot;:&quot;100&quot;,&quot;step_type&quot;:&quot;number_text&quot;,&quot;step_icon_shape&quot;:&quot;circle&quot;}\" data-widget_type=\"form.default\">\n\t\t\t\t<div class=\"elementor-widget-container\">\n\t\t\t\t\t\t\t<form class=\"elementor-form\" method=\"post\" name=\"New Form\" aria-label=\"New Form\" action=\"\">\n\t\t\t<input type=\"hidden\" name=\"post_id\" value=\"87\"\/>\n\t\t\t<input type=\"hidden\" name=\"form_id\" value=\"95ae879\"\/>\n\t\t\t<input type=\"hidden\" name=\"referer_title\" value=\"La Ferme Int\u00e9grale - Contact et info pratiques\" \/>\n\n\t\t\t\t\t\t\t<input type=\"hidden\" name=\"queried_id\" value=\"87\"\/>\n\t\t\t\n\t\t\t<div class=\"elementor-form-fields-wrapper elementor-labels-above\">\n\t\t\t\t\t\t\t\t<div class=\"elementor-field-type-text elementor-field-group elementor-column elementor-field-group-name elementor-col-75 elementor-field-required\">\n\t\t\t\t\t\t\t\t\t\t\t\t<label for=\"form-field-name\" class=\"elementor-field-label\">\n\t\t\t\t\t\t\t\tYour name\t\t\t\t\t\t\t<\/label>\n\t\t\t\t\t\t\t\t\t\t\t\t\t\t<input size=\"1\" type=\"text\" name=\"form_fields[name]\" id=\"form-field-name\" class=\"elementor-field elementor-size-sm  elementor-field-textual\" placeholder=\"Name\" required=\"required\">\n\t\t\t\t\t\t\t\t\t\t\t<\/div>\n\t\t\t\t\t\t\t\t<div class=\"elementor-field-type-tel elementor-field-group elementor-column elementor-field-group-field_ae915f1 elementor-col-75\">\n\t\t\t\t\t\t\t\t\t\t\t\t<label for=\"form-field-field_ae915f1\" class=\"elementor-field-label\">\n\t\t\t\t\t\t\t\tTelephone\t\t\t\t\t\t\t<\/label>\n\t\t\t\t\t\t\t\t<input size=\"1\" type=\"tel\" name=\"form_fields[field_ae915f1]\" id=\"form-field-field_ae915f1\" class=\"elementor-field elementor-size-sm  elementor-field-textual\" placeholder=\"Ex: 0600000000\" pattern=\"[0-9()#&amp;+*-=.]+\" title=\"Seuls les caract\u00e8res de num\u00e9ros de t\u00e9l\u00e9phone (#, -, *, etc.) sont accept\u00e9s.\">\n\n\t\t\t\t\t\t<\/div>\n\t\t\t\t\t\t\t\t<div class=\"elementor-field-type-email elementor-field-group elementor-column elementor-field-group-email elementor-col-75 elementor-field-required\">\n\t\t\t\t\t\t\t\t\t\t\t\t<label for=\"form-field-email\" class=\"elementor-field-label\">\n\t\t\t\t\t\t\t\tYour email\t\t\t\t\t\t\t<\/label>\n\t\t\t\t\t\t\t\t\t\t\t\t\t\t<input size=\"1\" type=\"email\" name=\"form_fields[email]\" id=\"form-field-email\" class=\"elementor-field elementor-size-sm  elementor-field-textual\" placeholder=\"example@mybox.com\" required=\"required\">\n\t\t\t\t\t\t\t\t\t\t\t<\/div>\n\t\t\t\t\t\t\t\t<div class=\"elementor-field-type-text elementor-field-group elementor-column elementor-field-group-field_9ae5efd elementor-col-100\">\n\t\t\t\t\t\t\t\t\t\t\t\t<label for=\"form-field-field_9ae5efd\" class=\"elementor-field-label\">\n\t\t\t\t\t\t\t\tThe subject of your message\t\t\t\t\t\t\t<\/label>\n\t\t\t\t\t\t\t\t\t\t\t\t\t\t<input size=\"1\" type=\"text\" name=\"form_fields[field_9ae5efd]\" id=\"form-field-field_9ae5efd\" class=\"elementor-field elementor-size-sm  elementor-field-textual\" placeholder=\"Ex: Demande de renseignement\">\n\t\t\t\t\t\t\t\t\t\t\t<\/div>\n\t\t\t\t\t\t\t\t<div class=\"elementor-field-type-textarea elementor-field-group elementor-column elementor-field-group-message elementor-col-100\">\n\t\t\t\t\t\t\t\t\t\t\t\t<label for=\"form-field-message\" class=\"elementor-field-label\">\n\t\t\t\t\t\t\t\tYour message\t\t\t\t\t\t\t<\/label>\n\t\t\t\t\t\t<textarea class=\"elementor-field-textual elementor-field  elementor-size-sm\" name=\"form_fields[message]\" id=\"form-field-message\" rows=\"4\" placeholder=\"Message\"><\/textarea>\t\t\t\t<\/div>\n\t\t\t\t\t\t\t\t<div class=\"elementor-field-type-recaptcha elementor-field-group elementor-column elementor-field-group-field_97e3f51 elementor-col-100\">\n\t\t\t\t\t<div class=\"elementor-field\" id=\"form-field-field_97e3f51\"><\/div>\t\t\t\t<\/div>\n\t\t\t\t\t\t\t\t<div class=\"elementor-field-type-recaptcha_v3 elementor-field-group elementor-column elementor-field-group-field_333a212 elementor-col-100 recaptcha_v3-bottomright\">\n\t\t\t\t\t<div class=\"elementor-field\" id=\"form-field-field_333a212\"><div class=\"elementor-g-recaptcha\" data-sitekey=\"6Le5Ay8kAAAAALMLfRLmUGJALKBTwIrcRHE235hm\" data-type=\"v3\" data-action=\"Form\" data-badge=\"bottomright\" data-size=\"invisible\"><\/div><\/div>\t\t\t\t<\/div>\n\t\t\t\t\t\t\t\t<div class=\"elementor-field-group elementor-column elementor-field-type-submit elementor-col-100 e-form__buttons\">\n\t\t\t\t\t<button class=\"elementor-button elementor-size-md\" type=\"submit\">\n\t\t\t\t\t\t<span class=\"elementor-button-content-wrapper\">\n\t\t\t\t\t\t\t\t\t\t\t\t\t\t\t\t\t\t\t\t\t\t<span class=\"elementor-button-text\">Send<\/span>\n\t\t\t\t\t\t\t\t\t\t\t\t\t<\/span>\n\t\t\t\t\t<\/button>\n\t\t\t\t<\/div>\n\t\t\t<\/div>\n\t\t<input\n                    class=\"apbct_special_field apbct_email_id__elementor_form\"\n                    name=\"apbct__email_id__elementor_form\"\n                    aria-label=\"apbct__label_id__elementor_form\"\n                    type=\"text\" size=\"30\" maxlength=\"200\" autocomplete=\"off\"\n                    value=\"\"\n                \/><input type=\"hidden\" name=\"trp-form-language\" value=\"en\"\/><\/form>\n\t\t\t\t\t\t<\/div>\n\t\t\t\t<\/div>\n\t\t\t\t\t<\/div>\n\t\t<\/div>\n\t\t\t\t\t<\/div>\n\t\t<\/section>\n\t\t\t\t<\/div>","protected":false},"excerpt":{"rendered":"<p>passez nous voir ! Notre adresse 222 rue des bleuets, 26730 La Baume d&rsquo;Hostun T\u00e9l\u00e9phone 04 75 45 02 60 Horaires 9h &#8211; 17h du lundi au vendredi Ventes \u00e0 la ferme : 9h -12h et 14h &#8211; 17h du lundi au vendredi\u00a0 Ou bien Contactez-nous ici ! Un renseignement ? Une demande de devis [&hellip;]<\/p>","protected":false},"author":1,"featured_media":0,"parent":0,"menu_order":0,"comment_status":"closed","ping_status":"closed","template":"elementor_header_footer","meta":{"footnotes":""},"class_list":["post-87","page","type-page","status-publish","hentry"],"yoast_head":"<!-- This site is optimized with the Yoast SEO plugin v27.4 - https:\/\/yoast.com\/product\/yoast-seo-wordpress\/ -->\n<title>La Ferme Int\u00e9grale - Contact et info pratiques<\/title>\n<meta name=\"description\" content=\"La Ferme Int\u00e9grale vous accueille au 222 rue des Bleuets, 26730 La Baume d&#039;Hostun. N&#039;h\u00e9sitez pas \u00e0 nous \u00e9crire sur contact@ferme-integrale.org\" \/>\n<meta name=\"robots\" content=\"index, follow, max-snippet:-1, max-image-preview:large, max-video-preview:-1\" \/>\n<link rel=\"canonical\" href=\"https:\/\/ferme-integrale.org\/en\/contact\/\" \/>\n<meta property=\"og:locale\" content=\"en_GB\" \/>\n<meta property=\"og:type\" content=\"article\" \/>\n<meta property=\"og:title\" content=\"La Ferme Int\u00e9grale - Contact et info pratiques\" \/>\n<meta property=\"og:description\" content=\"La Ferme Int\u00e9grale vous accueille au 222 rue des Bleuets, 26730 La Baume d&#039;Hostun. N&#039;h\u00e9sitez pas \u00e0 nous \u00e9crire sur contact@ferme-integrale.org\" \/>\n<meta property=\"og:url\" content=\"https:\/\/ferme-integrale.org\/en\/contact\/\" \/>\n<meta property=\"og:site_name\" content=\"La Ferme Int\u00e9grale\" \/>\n<meta property=\"article:publisher\" content=\"https:\/\/www.facebook.com\/lafermeintegrale\/\" \/>\n<meta property=\"article:modified_time\" content=\"2025-06-02T12:30:29+00:00\" \/>\n<meta name=\"twitter:card\" content=\"summary_large_image\" \/>\n<meta name=\"twitter:label1\" content=\"Estimated reading time\" \/>\n\t<meta name=\"twitter:data1\" content=\"1 minute\" \/>\n<script type=\"application\/ld+json\" class=\"yoast-schema-graph\">{\"@context\":\"https:\\\/\\\/schema.org\",\"@graph\":[{\"@type\":\"WebPage\",\"@id\":\"https:\\\/\\\/ferme-integrale.org\\\/contact\\\/\",\"url\":\"https:\\\/\\\/ferme-integrale.org\\\/contact\\\/\",\"name\":\"La Ferme Int\u00e9grale - Contact et info pratiques\",\"isPartOf\":{\"@id\":\"https:\\\/\\\/ferme-integrale.org\\\/#website\"},\"datePublished\":\"2022-09-05T12:12:15+00:00\",\"dateModified\":\"2025-06-02T12:30:29+00:00\",\"description\":\"La Ferme Int\u00e9grale vous accueille au 222 rue des Bleuets, 26730 La Baume d'Hostun. N'h\u00e9sitez pas \u00e0 nous \u00e9crire sur contact@ferme-integrale.org\",\"inLanguage\":\"en-GB\",\"potentialAction\":[{\"@type\":\"ReadAction\",\"target\":[\"https:\\\/\\\/ferme-integrale.org\\\/contact\\\/\"]}]},{\"@type\":\"WebSite\",\"@id\":\"https:\\\/\\\/ferme-integrale.org\\\/#website\",\"url\":\"https:\\\/\\\/ferme-integrale.org\\\/\",\"name\":\"La Ferme Int\u00e9grale\",\"description\":\"Des produits frais, aux portes des villes\",\"publisher\":{\"@id\":\"https:\\\/\\\/ferme-integrale.org\\\/#organization\"},\"potentialAction\":[{\"@type\":\"SearchAction\",\"target\":{\"@type\":\"EntryPoint\",\"urlTemplate\":\"https:\\\/\\\/ferme-integrale.org\\\/?s={search_term_string}\"},\"query-input\":{\"@type\":\"PropertyValueSpecification\",\"valueRequired\":true,\"valueName\":\"search_term_string\"}}],\"inLanguage\":\"en-GB\"},{\"@type\":\"Organization\",\"@id\":\"https:\\\/\\\/ferme-integrale.org\\\/#organization\",\"name\":\"La Ferme Int\u00e9grale\",\"url\":\"https:\\\/\\\/ferme-integrale.org\\\/\",\"logo\":{\"@type\":\"ImageObject\",\"inLanguage\":\"en-GB\",\"@id\":\"https:\\\/\\\/ferme-integrale.org\\\/#\\\/schema\\\/logo\\\/image\\\/\",\"url\":\"https:\\\/\\\/ferme-integrale.org\\\/wp-content\\\/uploads\\\/2023\\\/02\\\/Logo-LFI_N.png\",\"contentUrl\":\"https:\\\/\\\/ferme-integrale.org\\\/wp-content\\\/uploads\\\/2023\\\/02\\\/Logo-LFI_N.png\",\"width\":554,\"height\":353,\"caption\":\"La Ferme Int\u00e9grale\"},\"image\":{\"@id\":\"https:\\\/\\\/ferme-integrale.org\\\/#\\\/schema\\\/logo\\\/image\\\/\"},\"sameAs\":[\"https:\\\/\\\/www.facebook.com\\\/lafermeintegrale\\\/\",\"https:\\\/\\\/www.linkedin.com\\\/company\\\/la-ferme-integrale\",\"https:\\\/\\\/www.instagram.com\\\/lafermeintegrale\\\/\"]}]}<\/script>\n<!-- \/ Yoast SEO plugin. -->","yoast_head_json":{"title":"La Ferme Int\u00e9grale - Contact et info pratiques","description":"La Ferme Int\u00e9grale vous accueille au 222 rue des Bleuets, 26730 La Baume d'Hostun. N'h\u00e9sitez pas \u00e0 nous \u00e9crire sur contact@ferme-integrale.org","robots":{"index":"index","follow":"follow","max-snippet":"max-snippet:-1","max-image-preview":"max-image-preview:large","max-video-preview":"max-video-preview:-1"},"canonical":"https:\/\/ferme-integrale.org\/en\/contact\/","og_locale":"en_GB","og_type":"article","og_title":"La Ferme Int\u00e9grale - Contact et info pratiques","og_description":"La Ferme Int\u00e9grale vous accueille au 222 rue des Bleuets, 26730 La Baume d'Hostun. N'h\u00e9sitez pas \u00e0 nous \u00e9crire sur contact@ferme-integrale.org","og_url":"https:\/\/ferme-integrale.org\/en\/contact\/","og_site_name":"La Ferme Int\u00e9grale","article_publisher":"https:\/\/www.facebook.com\/lafermeintegrale\/","article_modified_time":"2025-06-02T12:30:29+00:00","twitter_card":"summary_large_image","twitter_misc":{"Estimated reading time":"1 minute"},"schema":{"@context":"https:\/\/schema.org","@graph":[{"@type":"WebPage","@id":"https:\/\/ferme-integrale.org\/contact\/","url":"https:\/\/ferme-integrale.org\/contact\/","name":"La Ferme Int\u00e9grale - Contact et info pratiques","isPartOf":{"@id":"https:\/\/ferme-integrale.org\/#website"},"datePublished":"2022-09-05T12:12:15+00:00","dateModified":"2025-06-02T12:30:29+00:00","description":"La Ferme Int\u00e9grale vous accueille au 222 rue des Bleuets, 26730 La Baume d'Hostun. N'h\u00e9sitez pas \u00e0 nous \u00e9crire sur contact@ferme-integrale.org","inLanguage":"en-GB","potentialAction":[{"@type":"ReadAction","target":["https:\/\/ferme-integrale.org\/contact\/"]}]},{"@type":"WebSite","@id":"https:\/\/ferme-integrale.org\/#website","url":"https:\/\/ferme-integrale.org\/","name":"La Ferme Int\u00e9grale","description":"Des produits frais, aux portes des villes","publisher":{"@id":"https:\/\/ferme-integrale.org\/#organization"},"potentialAction":[{"@type":"SearchAction","target":{"@type":"EntryPoint","urlTemplate":"https:\/\/ferme-integrale.org\/?s={search_term_string}"},"query-input":{"@type":"PropertyValueSpecification","valueRequired":true,"valueName":"search_term_string"}}],"inLanguage":"en-GB"},{"@type":"Organization","@id":"https:\/\/ferme-integrale.org\/#organization","name":"La Ferme Int\u00e9grale","url":"https:\/\/ferme-integrale.org\/","logo":{"@type":"ImageObject","inLanguage":"en-GB","@id":"https:\/\/ferme-integrale.org\/#\/schema\/logo\/image\/","url":"https:\/\/ferme-integrale.org\/wp-content\/uploads\/2023\/02\/Logo-LFI_N.png","contentUrl":"https:\/\/ferme-integrale.org\/wp-content\/uploads\/2023\/02\/Logo-LFI_N.png","width":554,"height":353,"caption":"La Ferme Int\u00e9grale"},"image":{"@id":"https:\/\/ferme-integrale.org\/#\/schema\/logo\/image\/"},"sameAs":["https:\/\/www.facebook.com\/lafermeintegrale\/","https:\/\/www.linkedin.com\/company\/la-ferme-integrale","https:\/\/www.instagram.com\/lafermeintegrale\/"]}]}},"_links":{"self":[{"href":"https:\/\/ferme-integrale.org\/en\/wp-json\/wp\/v2\/pages\/87","targetHints":{"allow":["GET"]}}],"collection":[{"href":"https:\/\/ferme-integrale.org\/en\/wp-json\/wp\/v2\/pages"}],"about":[{"href":"https:\/\/ferme-integrale.org\/en\/wp-json\/wp\/v2\/types\/page"}],"author":[{"embeddable":true,"href":"https:\/\/ferme-integrale.org\/en\/wp-json\/wp\/v2\/users\/1"}],"replies":[{"embeddable":true,"href":"https:\/\/ferme-integrale.org\/en\/wp-json\/wp\/v2\/comments?post=87"}],"version-history":[{"count":9,"href":"https:\/\/ferme-integrale.org\/en\/wp-json\/wp\/v2\/pages\/87\/revisions"}],"predecessor-version":[{"id":9214,"href":"https:\/\/ferme-integrale.org\/en\/wp-json\/wp\/v2\/pages\/87\/revisions\/9214"}],"wp:attachment":[{"href":"https:\/\/ferme-integrale.org\/en\/wp-json\/wp\/v2\/media?parent=87"}],"curies":[{"name":"wp","href":"https:\/\/api.w.org\/{rel}","templated":true}]}}