{"id":3,"date":"2022-07-13T10:55:47","date_gmt":"2022-07-13T08:55:47","guid":{"rendered":"https:\/\/ferme-integrale.org\/?page_id=3"},"modified":"2022-10-11T12:19:09","modified_gmt":"2022-10-11T10:19:09","slug":"politique-de-confidentialite","status":"publish","type":"page","link":"https:\/\/ferme-integrale.org\/en\/politique-de-confidentialite\/","title":{"rendered":"Privacy policy"},"content":{"rendered":"<div data-elementor-type=\"wp-page\" data-elementor-id=\"3\" class=\"elementor elementor-3\" data-elementor-post-type=\"page\">\n\t\t\t\t\t\t<section class=\"elementor-section elementor-top-section elementor-element elementor-element-2a6bde8c elementor-section-boxed elementor-section-height-default elementor-section-height-default\" data-id=\"2a6bde8c\" data-element_type=\"section\" data-e-type=\"section\">\n\t\t\t\t\t\t<div class=\"elementor-container elementor-column-gap-default\">\n\t\t\t\t\t<div class=\"elementor-column elementor-col-100 elementor-top-column elementor-element elementor-element-1061ced\" data-id=\"1061ced\" data-element_type=\"column\" data-e-type=\"column\">\n\t\t\t<div class=\"elementor-widget-wrap elementor-element-populated\">\n\t\t\t\t\t\t<div class=\"elementor-element elementor-element-3bf6f1a elementor-widget elementor-widget-heading\" data-id=\"3bf6f1a\" data-element_type=\"widget\" data-e-type=\"widget\" data-widget_type=\"heading.default\">\n\t\t\t\t<div class=\"elementor-widget-container\">\n\t\t\t\t\t<h2 class=\"elementor-heading-title elementor-size-default\">1 - Utilisation de vos donn\u00e9es<\/h2>\t\t\t\t<\/div>\n\t\t\t\t<\/div>\n\t\t\t\t<div class=\"elementor-element elementor-element-d903a60 elementor-widget elementor-widget-text-editor\" data-id=\"d903a60\" data-element_type=\"widget\" data-e-type=\"widget\" data-widget_type=\"text-editor.default\">\n\t\t\t\t<div class=\"elementor-widget-container\">\n\t\t\t\t\t\t\t\t\t<p>Le site web <a href=\"https:\/\/ferme-integrale.org\/en\/\">https:\/\/ferme-integrale.org\/<\/a> est la propri\u00e9t\u00e9 de SAS La Ferme Int\u00e9grale dont le si\u00e8ge est au 222, rue des Bleuets \u2013\u00a026730 \u2013 France.<\/p>\n<p>Pour toute question, n\u2019h\u00e9sitez pas \u00e0 nous contacter via notre formulaire de contact ou bien par email : contact@ferme-integrale.org.<\/p>\n<p>Pour son activit\u00e9, <a href=\"https:\/\/ferme-integrale.org\/en\/\">La Ferme Int\u00e9grale <\/a> collecte des donn\u00e9es qui vous sont propres et que vous avez \u00e9t\u00e9 amen\u00e9s \u00e0 indiquer lors du remplissage du formulaire de contact ou pour postuler \u00e0 un poste ouvert par La Ferme Int\u00e9grale.<\/p>\n<p>Toutes les dispositions et les lois concernant la protection des donn\u00e9es sont respect\u00e9es par <a href=\"https:\/\/ferme-integrale.org\/en\/\">La Ferme Int\u00e9grale <\/a>.<\/p>\n<p><a href=\"https:\/\/ferme-integrale.org\/en\/\">La Ferme Int\u00e9grale <\/a> recueille, traite et exploite les donn\u00e9es personnelles des utilisateurs du site, si celles-ci sont indispensables pour r\u00e9pondre aux demandes envoy\u00e9es via le formulaire de contact.<\/p>\n<p>Vous pouvez nous contacter afin d\u2018obtenir communication des informations que nous d\u00e9tenons sur vous ou votre soci\u00e9t\u00e9.<\/p>\t\t\t\t\t\t\t\t<\/div>\n\t\t\t\t<\/div>\n\t\t\t\t<div class=\"elementor-element elementor-element-41d2961 elementor-widget elementor-widget-heading\" data-id=\"41d2961\" data-element_type=\"widget\" data-e-type=\"widget\" data-widget_type=\"heading.default\">\n\t\t\t\t<div class=\"elementor-widget-container\">\n\t\t\t\t\t<h3 class=\"elementor-heading-title elementor-size-default\">Point d'attention<\/h3>\t\t\t\t<\/div>\n\t\t\t\t<\/div>\n\t\t\t\t<div class=\"elementor-element elementor-element-8b4cd7f elementor-widget elementor-widget-text-editor\" data-id=\"8b4cd7f\" data-element_type=\"widget\" data-e-type=\"widget\" data-widget_type=\"text-editor.default\">\n\t\t\t\t<div class=\"elementor-widget-container\">\n\t\t\t\t\t\t\t\t\t<p>Les informations que vous fournissez sont stock\u00e9es pour la dur\u00e9e du traitement de votre demande.<\/p>\t\t\t\t\t\t\t\t<\/div>\n\t\t\t\t<\/div>\n\t\t\t\t\t<\/div>\n\t\t<\/div>\n\t\t\t\t\t<\/div>\n\t\t<\/section>\n\t\t\t\t<section class=\"elementor-section elementor-top-section elementor-element elementor-element-a135236 elementor-section-boxed elementor-section-height-default elementor-section-height-default\" data-id=\"a135236\" data-element_type=\"section\" data-e-type=\"section\">\n\t\t\t\t\t\t<div class=\"elementor-container elementor-column-gap-default\">\n\t\t\t\t\t<div class=\"elementor-column elementor-col-100 elementor-top-column elementor-element elementor-element-5848728\" data-id=\"5848728\" data-element_type=\"column\" data-e-type=\"column\">\n\t\t\t<div class=\"elementor-widget-wrap elementor-element-populated\">\n\t\t\t\t\t\t<div class=\"elementor-element elementor-element-4d93c36 elementor-widget elementor-widget-heading\" data-id=\"4d93c36\" data-element_type=\"widget\" data-e-type=\"widget\" data-widget_type=\"heading.default\">\n\t\t\t\t<div class=\"elementor-widget-container\">\n\t\t\t\t\t<h2 class=\"elementor-heading-title elementor-size-default\">2 - Services tiers utilis\u00e9s<\/h2>\t\t\t\t<\/div>\n\t\t\t\t<\/div>\n\t\t\t\t<div class=\"elementor-element elementor-element-a7e05b6 elementor-widget elementor-widget-text-editor\" data-id=\"a7e05b6\" data-element_type=\"widget\" data-e-type=\"widget\" data-widget_type=\"text-editor.default\">\n\t\t\t\t<div class=\"elementor-widget-container\">\n\t\t\t\t\t\t\t\t\t<p>Pour l&rsquo;am\u00e9lioration de son service, son r\u00e9f\u00e9rencement et de l&rsquo;exp\u00e9rience utilisateur, le site web <a href=\"https:\/\/ferme-integrale.org\/en\/\">https:\/\/ferme-integrale.org\/<\/a> est susceptible d&rsquo;utiliser <strong>Google Analytics<\/strong>, <strong>Google AdWords Conversion Tracking<\/strong>, <strong>Google Remarketing<\/strong> ou d&rsquo;autre services d&rsquo;analyse. Google emploie des cookies (fichiers texte) qui sont enregistr\u00e9s dans votre ordinateur. Ils permettent d\u2019analyser votre utilisation du site.<\/p>\n<p>Google Analytics saisit les informations anonymement. Les statistiques du site ne contiennent pas d\u2019indications personnelles relatives aux visiteurs. Les cookies utilis\u00e9s sont des cookies double clic destin\u00e9s \u00e0 communiquer les donn\u00e9es \u00e0 des tiers qui les traitent afin de rendre possible le remarketing pour des produits tels que AdWords dans le r\u00e9seau de Google. Des informations comme les heures des visites, par exemple, sont enregistr\u00e9es dans les cookies. A cela s\u2019ajoutent des informations compl\u00e9mentaires: s\u2019agit-il de la premi\u00e8re visite de l\u2019utilisateur, quelles indications concernant le site ont guid\u00e9 le visiteur sur la page web etc. Les informations fournies par les cookies sont transmises \u00e0 un serveur de Google aux Etats-Unis, o\u00f9 elles sont enregistr\u00e9es. Google peut, le cas \u00e9ch\u00e9ant, communiquer ces informations \u00e0 des tiers en cas d\u2019obligation l\u00e9gale ou lorsque des tiers traitent ces donn\u00e9es pour le compte de Google. Google respecte les dispositions relatives \u00e0 la protection des donn\u00e9es du US Safe Harbor (sph\u00e8re de s\u00e9curit\u00e9) et figure sur la liste des participants au programme Safe Harbor du Minist\u00e8re du Commerce des Etats-Unis. Pour Google Adwords Conversion Tracking, un cookie est utilis\u00e9 pour d\u00e9terminer les prestations une fois que vous avez cliqu\u00e9 sur une annonce AdWords. Dans le cadre de Google Remarketing, la fa\u00e7on dont les internautes surfent sur les pages du site est enregistr\u00e9e sous forme anonyme au moyen de cookies pour le marketing et utilis\u00e9e pour adapter les publicit\u00e9s \u00e0 vos centres d\u2019int\u00e9r\u00eat.<\/p>\n<p>Des donn\u00e9es personnelles qui permettraient de conna\u00eetre l\u2019identit\u00e9 des visiteurs du site web ne sont en aucune fa\u00e7on recueillies ou enregistr\u00e9es par ce syst\u00e8me. La collecte et l\u2019enregistrement des donn\u00e9es peuvent en tout temps \u00eatre interrompus. Vous pouvez rep\u00e9rer l\u2019emploi de cookies pour Google Adwords Conversion Tracking et Google Remarketing sous\u00a0<a href=\"http:\/\/www.google.com\/ads\/preferences\" target=\"_blank\" rel=\"noopener\">www.google.com\/ads\/preferences<\/a>\u00a0et le d\u00e9sactiver sous\u00a0<a href=\"http:\/\/www.networkadvertising.org\/managing\/opt_out.asp\" target=\"_blank\" rel=\"noopener\">www.networkadvertising.org\/managing\/opt_out.asp<\/a>.<\/p>\n<p>Si vous souhaitez effacer tous les cookies dans le navigateur, vous devrez r\u00e9p\u00e9ter l\u2019op\u00e9ration. Vous pouvez \u00e9viter totalement l\u2019installation de cookies dans votre navigateur par un r\u00e9glage appropri\u00e9. Nous attirons toutefois votre attention sur le fait que vous ne pourrez plus, le cas \u00e9ch\u00e9ant, utiliser enti\u00e8rement l\u2019ensemble des fonctions de ce site web. Si vous d\u00e9sirez d\u00e9sactiver Google Analytics, vous trouverez le navigateur addon correspondant sous\u00a0<a href=\"https:\/\/tools.google.com\/dlpage\/gaoptout?hl=fr\" target=\"_blank\" rel=\"noopener\">https:\/\/tools.google.com\/dlpage\/gaoptout?hl=fr<\/a>.<\/p>\n<p>Par l\u2019utilisation de ce site web, vous d\u00e9clarez accepter l\u2019enregistrement et le traitement de donn\u00e9es vous concernant dans le but susmentionn\u00e9. Vous trouverez des informations compl\u00e9mentaires concernant la publicit\u00e9 sur Google et la protection des donn\u00e9es sous\u00a0<a href=\"http:\/\/www.google.ch\/intl\/fr\/policies\/technologies\/ads\/\" target=\"_blank\" rel=\"noopener\">http:\/\/www.google.ch\/intl\/fr\/policies\/technologies\/ads\/<\/a>.<\/p>\t\t\t\t\t\t\t\t<\/div>\n\t\t\t\t<\/div>\n\t\t\t\t\t<\/div>\n\t\t<\/div>\n\t\t\t\t\t<\/div>\n\t\t<\/section>\n\t\t\t\t<section class=\"elementor-section elementor-top-section elementor-element elementor-element-36aaa9a elementor-section-boxed elementor-section-height-default elementor-section-height-default\" data-id=\"36aaa9a\" data-element_type=\"section\" data-e-type=\"section\">\n\t\t\t\t\t\t<div class=\"elementor-container elementor-column-gap-default\">\n\t\t\t\t\t<div class=\"elementor-column elementor-col-100 elementor-top-column elementor-element elementor-element-720fb0c\" data-id=\"720fb0c\" data-element_type=\"column\" data-e-type=\"column\">\n\t\t\t<div class=\"elementor-widget-wrap elementor-element-populated\">\n\t\t\t\t\t\t<div class=\"elementor-element elementor-element-454c1a0 elementor-widget elementor-widget-heading\" data-id=\"454c1a0\" data-element_type=\"widget\" data-e-type=\"widget\" data-widget_type=\"heading.default\">\n\t\t\t\t<div class=\"elementor-widget-container\">\n\t\t\t\t\t<h2 class=\"elementor-heading-title elementor-size-default\">3 - Transmissions des informations collect\u00e9es par La Ferme Int\u00e9grale<\/h2>\t\t\t\t<\/div>\n\t\t\t\t<\/div>\n\t\t\t\t<div class=\"elementor-element elementor-element-6e1976b elementor-widget elementor-widget-text-editor\" data-id=\"6e1976b\" data-element_type=\"widget\" data-e-type=\"widget\" data-widget_type=\"text-editor.default\">\n\t\t\t\t<div class=\"elementor-widget-container\">\n\t\t\t\t\t\t\t\t\t<p>La Ferme Int\u00e9grale s&rsquo;engage \u00e0 ne pas fournir gratuitement ou vendre \u00e0 un tiers les donn\u00e9es collect\u00e9es sur le site <a href=\"https:\/\/ferme-integrale.org\/en\/\">https:\/\/ferme-integrale.org\/<\/a>\u00a0<\/p>\t\t\t\t\t\t\t\t<\/div>\n\t\t\t\t<\/div>\n\t\t\t\t\t<\/div>\n\t\t<\/div>\n\t\t\t\t\t<\/div>\n\t\t<\/section>\n\t\t\t\t<section class=\"elementor-section elementor-top-section elementor-element elementor-element-236c2cf elementor-section-boxed elementor-section-height-default elementor-section-height-default\" data-id=\"236c2cf\" data-element_type=\"section\" data-e-type=\"section\">\n\t\t\t\t\t\t<div class=\"elementor-container elementor-column-gap-default\">\n\t\t\t\t\t<div class=\"elementor-column elementor-col-100 elementor-top-column elementor-element elementor-element-56b2d85\" data-id=\"56b2d85\" data-element_type=\"column\" data-e-type=\"column\">\n\t\t\t<div class=\"elementor-widget-wrap elementor-element-populated\">\n\t\t\t\t\t\t<div class=\"elementor-element elementor-element-038baee elementor-widget elementor-widget-heading\" data-id=\"038baee\" data-element_type=\"widget\" data-e-type=\"widget\" data-widget_type=\"heading.default\">\n\t\t\t\t<div class=\"elementor-widget-container\">\n\t\t\t\t\t<h2 class=\"elementor-heading-title elementor-size-default\">4 - Renseignements sur vos droits<\/h2>\t\t\t\t<\/div>\n\t\t\t\t<\/div>\n\t\t\t\t<div class=\"elementor-element elementor-element-f0f1954 elementor-widget elementor-widget-text-editor\" data-id=\"f0f1954\" data-element_type=\"widget\" data-e-type=\"widget\" data-widget_type=\"text-editor.default\">\n\t\t\t\t<div class=\"elementor-widget-container\">\n\t\t\t\t\t\t\t\t\t<p>Nous vous renseignons sur simple demande sur les donn\u00e9es personnelles que nous avons enregistr\u00e9es de vous.<\/p>\n<p>Si vous contestez tout ou partie de cette charte de confidentialit\u00e9, vous reconnaissez ne plus vouloir naviguer sur le site <a href=\"https:\/\/ferme-integrale.org\/en\/\">https:\/\/ferme-integrale.org\/<\/a>. Dans ce cas-l\u00e0, d\u00e8s que vous nous aurez inform\u00e9 de votre opposition, nous ferons le n\u00e9cessaire et vous inviterons \u00e0 ne plus naviguer le site <a href=\"https:\/\/ferme-integrale.org\/en\/\">https:\/\/ferme-integrale.org\/<\/a><\/p>\t\t\t\t\t\t\t\t<\/div>\n\t\t\t\t<\/div>\n\t\t\t\t\t<\/div>\n\t\t<\/div>\n\t\t\t\t\t<\/div>\n\t\t<\/section>\n\t\t\t\t<section class=\"elementor-section elementor-top-section elementor-element elementor-element-82c47ef elementor-section-boxed elementor-section-height-default elementor-section-height-default\" data-id=\"82c47ef\" data-element_type=\"section\" data-e-type=\"section\">\n\t\t\t\t\t\t<div class=\"elementor-container elementor-column-gap-default\">\n\t\t\t\t\t<div class=\"elementor-column elementor-col-100 elementor-top-column elementor-element elementor-element-1772c3f\" data-id=\"1772c3f\" data-element_type=\"column\" data-e-type=\"column\">\n\t\t\t<div class=\"elementor-widget-wrap elementor-element-populated\">\n\t\t\t\t\t\t<div class=\"elementor-element elementor-element-005ea12 elementor-widget elementor-widget-heading\" data-id=\"005ea12\" data-element_type=\"widget\" data-e-type=\"widget\" data-widget_type=\"heading.default\">\n\t\t\t\t<div class=\"elementor-widget-container\">\n\t\t\t\t\t<h2 class=\"elementor-heading-title elementor-size-default\">5 - Modification de la politique de confidentialit\u00e9<\/h2>\t\t\t\t<\/div>\n\t\t\t\t<\/div>\n\t\t\t\t<div class=\"elementor-element elementor-element-c2d5b1a elementor-widget elementor-widget-text-editor\" data-id=\"c2d5b1a\" data-element_type=\"widget\" data-e-type=\"widget\" data-widget_type=\"text-editor.default\">\n\t\t\t\t<div class=\"elementor-widget-container\">\n\t\t\t\t\t\t\t\t\t<p>Cette charte de confidentialit\u00e9 peut \u00eatre modifi\u00e9e. Bien s\u00fbr, nous ne r\u00e9duirons pas vos droits sans raison. Toutes les modifications de la charte seront affich\u00e9es sur cette page. Si les changements sont importants, nous fournirons un avis plus cons\u00e9quent (cf. notification par email).<\/p>\t\t\t\t\t\t\t\t<\/div>\n\t\t\t\t<\/div>\n\t\t\t\t\t<\/div>\n\t\t<\/div>\n\t\t\t\t\t<\/div>\n\t\t<\/section>\n\t\t\t\t<\/div>","protected":false},"excerpt":{"rendered":"<p>1 &#8211; Utilisation de vos donn\u00e9es Le site web https:\/\/ferme-integrale.org\/ est la propri\u00e9t\u00e9 de SAS La Ferme Int\u00e9grale dont le si\u00e8ge est au 222, rue des Bleuets \u2013\u00a026730 \u2013 France. Pour toute question, n\u2019h\u00e9sitez pas \u00e0 nous contacter via notre formulaire de contact ou bien par email : contact@ferme-integrale.org. Pour son activit\u00e9, La Ferme Int\u00e9grale [&hellip;]<\/p>","protected":false},"author":1,"featured_media":0,"parent":0,"menu_order":0,"comment_status":"closed","ping_status":"open","template":"elementor_header_footer","meta":{"footnotes":""},"class_list":["post-3","page","type-page","status-publish","hentry"],"yoast_head":"<!-- This site is optimized with the Yoast SEO plugin v27.4 - https:\/\/yoast.com\/product\/yoast-seo-wordpress\/ -->\n<title>Politique de confidentialit\u00e9 - La Ferme Int\u00e9grale<\/title>\n<meta name=\"robots\" content=\"index, follow, max-snippet:-1, max-image-preview:large, max-video-preview:-1\" \/>\n<link rel=\"canonical\" href=\"https:\/\/ferme-integrale.org\/en\/politique-de-confidentialite\/\" \/>\n<meta property=\"og:locale\" content=\"en_GB\" \/>\n<meta property=\"og:type\" content=\"article\" \/>\n<meta property=\"og:title\" content=\"Politique de confidentialit\u00e9 - La Ferme Int\u00e9grale\" \/>\n<meta property=\"og:description\" content=\"1 &#8211; Utilisation de vos donn\u00e9es Le site web https:\/\/ferme-integrale.org\/ est la propri\u00e9t\u00e9 de SAS La Ferme Int\u00e9grale dont le si\u00e8ge est au 222, rue des Bleuets \u2013\u00a026730 \u2013 France. Pour toute question, n\u2019h\u00e9sitez pas \u00e0 nous contacter via notre formulaire de contact ou bien par email : contact@ferme-integrale.org. Pour son activit\u00e9, La Ferme Int\u00e9grale [&hellip;]\" \/>\n<meta property=\"og:url\" content=\"https:\/\/ferme-integrale.org\/en\/politique-de-confidentialite\/\" \/>\n<meta property=\"og:site_name\" content=\"La Ferme Int\u00e9grale\" \/>\n<meta property=\"article:publisher\" content=\"https:\/\/www.facebook.com\/lafermeintegrale\/\" \/>\n<meta property=\"article:modified_time\" content=\"2022-10-11T10:19:09+00:00\" \/>\n<meta property=\"og:image\" content=\"https:\/\/ferme-integrale.org\/wp-content\/uploads\/2022\/10\/ferme-integrale-fond-banniere-scaled.webp\" \/>\n\t<meta property=\"og:image:width\" content=\"2560\" \/>\n\t<meta property=\"og:image:height\" content=\"1707\" \/>\n\t<meta property=\"og:image:type\" content=\"image\/webp\" \/>\n<meta name=\"twitter:card\" content=\"summary_large_image\" \/>\n<meta name=\"twitter:label1\" content=\"Estimated reading time\" \/>\n\t<meta name=\"twitter:data1\" content=\"4 minutes\" \/>\n<script type=\"application\/ld+json\" class=\"yoast-schema-graph\">{\"@context\":\"https:\\\/\\\/schema.org\",\"@graph\":[{\"@type\":\"WebPage\",\"@id\":\"https:\\\/\\\/ferme-integrale.org\\\/politique-de-confidentialite\\\/\",\"url\":\"https:\\\/\\\/ferme-integrale.org\\\/politique-de-confidentialite\\\/\",\"name\":\"Politique de confidentialit\u00e9 - La Ferme Int\u00e9grale\",\"isPartOf\":{\"@id\":\"https:\\\/\\\/ferme-integrale.org\\\/#website\"},\"datePublished\":\"2022-07-13T08:55:47+00:00\",\"dateModified\":\"2022-10-11T10:19:09+00:00\",\"inLanguage\":\"en-GB\",\"potentialAction\":[{\"@type\":\"ReadAction\",\"target\":[\"https:\\\/\\\/ferme-integrale.org\\\/politique-de-confidentialite\\\/\"]}]},{\"@type\":\"WebSite\",\"@id\":\"https:\\\/\\\/ferme-integrale.org\\\/#website\",\"url\":\"https:\\\/\\\/ferme-integrale.org\\\/\",\"name\":\"La Ferme Int\u00e9grale\",\"description\":\"Des produits frais, aux portes des villes\",\"publisher\":{\"@id\":\"https:\\\/\\\/ferme-integrale.org\\\/#organization\"},\"potentialAction\":[{\"@type\":\"SearchAction\",\"target\":{\"@type\":\"EntryPoint\",\"urlTemplate\":\"https:\\\/\\\/ferme-integrale.org\\\/?s={search_term_string}\"},\"query-input\":{\"@type\":\"PropertyValueSpecification\",\"valueRequired\":true,\"valueName\":\"search_term_string\"}}],\"inLanguage\":\"en-GB\"},{\"@type\":\"Organization\",\"@id\":\"https:\\\/\\\/ferme-integrale.org\\\/#organization\",\"name\":\"La Ferme Int\u00e9grale\",\"url\":\"https:\\\/\\\/ferme-integrale.org\\\/\",\"logo\":{\"@type\":\"ImageObject\",\"inLanguage\":\"en-GB\",\"@id\":\"https:\\\/\\\/ferme-integrale.org\\\/#\\\/schema\\\/logo\\\/image\\\/\",\"url\":\"https:\\\/\\\/ferme-integrale.org\\\/wp-content\\\/uploads\\\/2023\\\/02\\\/Logo-LFI_N.png\",\"contentUrl\":\"https:\\\/\\\/ferme-integrale.org\\\/wp-content\\\/uploads\\\/2023\\\/02\\\/Logo-LFI_N.png\",\"width\":554,\"height\":353,\"caption\":\"La Ferme Int\u00e9grale\"},\"image\":{\"@id\":\"https:\\\/\\\/ferme-integrale.org\\\/#\\\/schema\\\/logo\\\/image\\\/\"},\"sameAs\":[\"https:\\\/\\\/www.facebook.com\\\/lafermeintegrale\\\/\",\"https:\\\/\\\/www.linkedin.com\\\/company\\\/la-ferme-integrale\",\"https:\\\/\\\/www.instagram.com\\\/lafermeintegrale\\\/\"]}]}<\/script>\n<!-- \/ Yoast SEO plugin. -->","yoast_head_json":{"title":"Politique de confidentialit\u00e9 - La Ferme Int\u00e9grale","robots":{"index":"index","follow":"follow","max-snippet":"max-snippet:-1","max-image-preview":"max-image-preview:large","max-video-preview":"max-video-preview:-1"},"canonical":"https:\/\/ferme-integrale.org\/en\/politique-de-confidentialite\/","og_locale":"en_GB","og_type":"article","og_title":"Politique de confidentialit\u00e9 - La Ferme Int\u00e9grale","og_description":"1 &#8211; Utilisation de vos donn\u00e9es Le site web https:\/\/ferme-integrale.org\/ est la propri\u00e9t\u00e9 de SAS La Ferme Int\u00e9grale dont le si\u00e8ge est au 222, rue des Bleuets \u2013\u00a026730 \u2013 France. Pour toute question, n\u2019h\u00e9sitez pas \u00e0 nous contacter via notre formulaire de contact ou bien par email : contact@ferme-integrale.org. Pour son activit\u00e9, La Ferme Int\u00e9grale [&hellip;]","og_url":"https:\/\/ferme-integrale.org\/en\/politique-de-confidentialite\/","og_site_name":"La Ferme Int\u00e9grale","article_publisher":"https:\/\/www.facebook.com\/lafermeintegrale\/","article_modified_time":"2022-10-11T10:19:09+00:00","og_image":[{"width":2560,"height":1707,"url":"https:\/\/ferme-integrale.org\/wp-content\/uploads\/2022\/10\/ferme-integrale-fond-banniere-scaled.webp","type":"image\/webp"}],"twitter_card":"summary_large_image","twitter_misc":{"Estimated reading time":"4 minutes"},"schema":{"@context":"https:\/\/schema.org","@graph":[{"@type":"WebPage","@id":"https:\/\/ferme-integrale.org\/politique-de-confidentialite\/","url":"https:\/\/ferme-integrale.org\/politique-de-confidentialite\/","name":"Politique de confidentialit\u00e9 - La Ferme Int\u00e9grale","isPartOf":{"@id":"https:\/\/ferme-integrale.org\/#website"},"datePublished":"2022-07-13T08:55:47+00:00","dateModified":"2022-10-11T10:19:09+00:00","inLanguage":"en-GB","potentialAction":[{"@type":"ReadAction","target":["https:\/\/ferme-integrale.org\/politique-de-confidentialite\/"]}]},{"@type":"WebSite","@id":"https:\/\/ferme-integrale.org\/#website","url":"https:\/\/ferme-integrale.org\/","name":"La Ferme Int\u00e9grale","description":"Des produits frais, aux portes des villes","publisher":{"@id":"https:\/\/ferme-integrale.org\/#organization"},"potentialAction":[{"@type":"SearchAction","target":{"@type":"EntryPoint","urlTemplate":"https:\/\/ferme-integrale.org\/?s={search_term_string}"},"query-input":{"@type":"PropertyValueSpecification","valueRequired":true,"valueName":"search_term_string"}}],"inLanguage":"en-GB"},{"@type":"Organization","@id":"https:\/\/ferme-integrale.org\/#organization","name":"La Ferme Int\u00e9grale","url":"https:\/\/ferme-integrale.org\/","logo":{"@type":"ImageObject","inLanguage":"en-GB","@id":"https:\/\/ferme-integrale.org\/#\/schema\/logo\/image\/","url":"https:\/\/ferme-integrale.org\/wp-content\/uploads\/2023\/02\/Logo-LFI_N.png","contentUrl":"https:\/\/ferme-integrale.org\/wp-content\/uploads\/2023\/02\/Logo-LFI_N.png","width":554,"height":353,"caption":"La Ferme Int\u00e9grale"},"image":{"@id":"https:\/\/ferme-integrale.org\/#\/schema\/logo\/image\/"},"sameAs":["https:\/\/www.facebook.com\/lafermeintegrale\/","https:\/\/www.linkedin.com\/company\/la-ferme-integrale","https:\/\/www.instagram.com\/lafermeintegrale\/"]}]}},"_links":{"self":[{"href":"https:\/\/ferme-integrale.org\/en\/wp-json\/wp\/v2\/pages\/3","targetHints":{"allow":["GET"]}}],"collection":[{"href":"https:\/\/ferme-integrale.org\/en\/wp-json\/wp\/v2\/pages"}],"about":[{"href":"https:\/\/ferme-integrale.org\/en\/wp-json\/wp\/v2\/types\/page"}],"author":[{"embeddable":true,"href":"https:\/\/ferme-integrale.org\/en\/wp-json\/wp\/v2\/users\/1"}],"replies":[{"embeddable":true,"href":"https:\/\/ferme-integrale.org\/en\/wp-json\/wp\/v2\/comments?post=3"}],"version-history":[{"count":0,"href":"https:\/\/ferme-integrale.org\/en\/wp-json\/wp\/v2\/pages\/3\/revisions"}],"wp:attachment":[{"href":"https:\/\/ferme-integrale.org\/en\/wp-json\/wp\/v2\/media?parent=3"}],"curies":[{"name":"wp","href":"https:\/\/api.w.org\/{rel}","templated":true}]}}