{"id":2631,"date":"2022-10-11T13:15:32","date_gmt":"2022-10-11T11:15:32","guid":{"rendered":"https:\/\/ferme-integrale.org\/?page_id=2631"},"modified":"2022-10-11T14:40:59","modified_gmt":"2022-10-11T12:40:59","slug":"plan-du-site","status":"publish","type":"page","link":"https:\/\/ferme-integrale.org\/en\/plan-du-site\/","title":{"rendered":"Site map"},"content":{"rendered":"<div data-elementor-type=\"wp-page\" data-elementor-id=\"2631\" class=\"elementor elementor-2631\" data-elementor-post-type=\"page\">\n\t\t\t\t\t\t<section class=\"elementor-section elementor-top-section elementor-element elementor-element-f79fd38 elementor-section-boxed elementor-section-height-default elementor-section-height-default\" data-id=\"f79fd38\" data-element_type=\"section\" data-e-type=\"section\">\n\t\t\t\t\t\t<div class=\"elementor-container elementor-column-gap-default\">\n\t\t\t\t\t<div class=\"elementor-column elementor-col-50 elementor-top-column elementor-element elementor-element-3c5f7cd\" data-id=\"3c5f7cd\" data-element_type=\"column\" data-e-type=\"column\">\n\t\t\t<div class=\"elementor-widget-wrap elementor-element-populated\">\n\t\t\t\t\t\t<div class=\"elementor-element elementor-element-02a6cea elementor-widget elementor-widget-heading\" data-id=\"02a6cea\" data-element_type=\"widget\" data-e-type=\"widget\" data-widget_type=\"heading.default\">\n\t\t\t\t<div class=\"elementor-widget-container\">\n\t\t\t\t\t<h2 class=\"elementor-heading-title elementor-size-default\">Pages<\/h2>\t\t\t\t<\/div>\n\t\t\t\t<\/div>\n\t\t\t\t<div class=\"elementor-element elementor-element-657f42b elementor-widget elementor-widget-heading\" data-id=\"657f42b\" data-element_type=\"widget\" data-e-type=\"widget\" title=\"Pr\u00e9sentation globale de la Ferme Int\u00e9grale et des diff\u00e9rentes pages du site\" data-widget_type=\"heading.default\">\n\t\t\t\t<div class=\"elementor-widget-container\">\n\t\t\t\t\t<h3 class=\"elementor-heading-title elementor-size-default\"><a href=\"\/en\/\">- Accueil<\/a><\/h3>\t\t\t\t<\/div>\n\t\t\t\t<\/div>\n\t\t\t\t<div class=\"elementor-element elementor-element-5005746 elementor-widget elementor-widget-heading\" data-id=\"5005746\" data-element_type=\"widget\" data-e-type=\"widget\" title=\"Pr\u00e9sentation de l&#039;\u00e9quipe de la Ferme Int\u00e9grale: ses membres et ses valeurs\" data-widget_type=\"heading.default\">\n\t\t\t\t<div class=\"elementor-widget-container\">\n\t\t\t\t\t<h3 class=\"elementor-heading-title elementor-size-default\"><a href=\"\/en\/a-propos\/\">- Qui sommes-nous?<\/a><\/h3>\t\t\t\t<\/div>\n\t\t\t\t<\/div>\n\t\t\t\t<section class=\"elementor-section elementor-inner-section elementor-element elementor-element-60af3aa elementor-section-boxed elementor-section-height-default elementor-section-height-default\" data-id=\"60af3aa\" data-element_type=\"section\" data-e-type=\"section\">\n\t\t\t\t\t\t<div class=\"elementor-container elementor-column-gap-default\">\n\t\t\t\t\t<div class=\"elementor-column elementor-col-100 elementor-inner-column elementor-element elementor-element-5726cec\" data-id=\"5726cec\" data-element_type=\"column\" data-e-type=\"column\">\n\t\t\t<div class=\"elementor-widget-wrap elementor-element-populated\">\n\t\t\t\t\t\t<div class=\"elementor-element elementor-element-fe11d59 elementor-widget elementor-widget-heading\" data-id=\"fe11d59\" data-element_type=\"widget\" data-e-type=\"widget\" data-widget_type=\"heading.default\">\n\t\t\t\t<div class=\"elementor-widget-container\">\n\t\t\t\t\t<h3 class=\"elementor-heading-title elementor-size-default\">La Ferme:<\/h3>\t\t\t\t<\/div>\n\t\t\t\t<\/div>\n\t\t\t\t\t<\/div>\n\t\t<\/div>\n\t\t\t\t\t<\/div>\n\t\t<\/section>\n\t\t\t\t<section class=\"elementor-section elementor-inner-section elementor-element elementor-element-3d03292 elementor-section-boxed elementor-section-height-default elementor-section-height-default\" data-id=\"3d03292\" data-element_type=\"section\" data-e-type=\"section\">\n\t\t\t\t\t\t<div class=\"elementor-container elementor-column-gap-default\">\n\t\t\t\t\t<div class=\"elementor-column elementor-col-100 elementor-inner-column elementor-element elementor-element-1e8d6bb\" data-id=\"1e8d6bb\" data-element_type=\"column\" data-e-type=\"column\">\n\t\t\t<div class=\"elementor-widget-wrap elementor-element-populated\">\n\t\t\t\t\t\t<div class=\"elementor-element elementor-element-616cba8 elementor-widget elementor-widget-heading\" data-id=\"616cba8\" data-element_type=\"widget\" data-e-type=\"widget\" title=\"Explications plus d\u00e9taill\u00e9es sur le principe de l&#039;aquaponie, le fonctionnement de la Ferme Int\u00e9grale et comment nous r\u00e9duisons notre impact environnemental \u00e0 tous les niveaux\" data-widget_type=\"heading.default\">\n\t\t\t\t<div class=\"elementor-widget-container\">\n\t\t\t\t\t<h4 class=\"elementor-heading-title elementor-size-default\"><a href=\"\/en\/la-ferme-integrale\/le-concept\/\">- Le concept<\/a><\/h4>\t\t\t\t<\/div>\n\t\t\t\t<\/div>\n\t\t\t\t<div class=\"elementor-element elementor-element-de61534 elementor-widget elementor-widget-heading\" data-id=\"de61534\" data-element_type=\"widget\" data-e-type=\"widget\" title=\"Chronologie de la mise en place de la Ferme Int\u00e9grale, de sa conception premi\u00e8re \u00e0 son expansion\" data-widget_type=\"heading.default\">\n\t\t\t\t<div class=\"elementor-widget-container\">\n\t\t\t\t\t<h4 class=\"elementor-heading-title elementor-size-default\"><a href=\"\/en\/notre-experience\/\">- Notre exp\u00e9rience<\/a><\/h4>\t\t\t\t<\/div>\n\t\t\t\t<\/div>\n\t\t\t\t\t<\/div>\n\t\t<\/div>\n\t\t\t\t\t<\/div>\n\t\t<\/section>\n\t\t\t\t<div class=\"elementor-element elementor-element-61a115b elementor-widget elementor-widget-heading\" data-id=\"61a115b\" data-element_type=\"widget\" data-e-type=\"widget\" title=\"Formulaire de contact et informations g\u00e9ographiques et pratiques\" data-widget_type=\"heading.default\">\n\t\t\t\t<div class=\"elementor-widget-container\">\n\t\t\t\t\t<h3 class=\"elementor-heading-title elementor-size-default\"><a href=\"\/en\/contact\/\">- Contact &amp; infos<\/a><\/h3>\t\t\t\t<\/div>\n\t\t\t\t<\/div>\n\t\t\t\t<div class=\"elementor-element elementor-element-8f50646 elementor-widget elementor-widget-heading\" data-id=\"8f50646\" data-element_type=\"widget\" data-e-type=\"widget\" title=\"Nos offres d&#039;accompagnement des entrepreneurs et collectivit\u00e9s qui souhaitent mettre en place leur franchise Ferme Int\u00e9grale\" data-widget_type=\"heading.default\">\n\t\t\t\t<div class=\"elementor-widget-container\">\n\t\t\t\t\t<h3 class=\"elementor-heading-title elementor-size-default\"><a href=\"\/en\/votre-ferme-integrale\/\">- Votre Ferme Int\u00e9grale<\/a><\/h3>\t\t\t\t<\/div>\n\t\t\t\t<\/div>\n\t\t\t\t<div class=\"elementor-element elementor-element-5849f56 elementor-widget elementor-widget-heading\" data-id=\"5849f56\" data-element_type=\"widget\" data-e-type=\"widget\" title=\"Statut juridique de la Ferme Int\u00e9grale et autres mentions l\u00e9gales\" data-widget_type=\"heading.default\">\n\t\t\t\t<div class=\"elementor-widget-container\">\n\t\t\t\t\t<h3 class=\"elementor-heading-title elementor-size-default\"><a href=\"\/en\/mentions-legales\/\">- Mentions l\u00e9gales<\/a><\/h3>\t\t\t\t<\/div>\n\t\t\t\t<\/div>\n\t\t\t\t<div class=\"elementor-element elementor-element-5bf52f1 elementor-widget elementor-widget-heading\" data-id=\"5bf52f1\" data-element_type=\"widget\" data-e-type=\"widget\" title=\"Informations relative \u00e0 la protections des donn\u00e9es utilisateurs\" data-widget_type=\"heading.default\">\n\t\t\t\t<div class=\"elementor-widget-container\">\n\t\t\t\t\t<h3 class=\"elementor-heading-title elementor-size-default\"><a href=\"\/en\/politique-de-confidentialite\/\">- Politique de confidentialit\u00e9<\/a><\/h3>\t\t\t\t<\/div>\n\t\t\t\t<\/div>\n\t\t\t\t<div class=\"elementor-element elementor-element-99ba773 elementor-widget elementor-widget-heading\" data-id=\"99ba773\" data-element_type=\"widget\" data-e-type=\"widget\" title=\"page actuelle: plan du site\" data-widget_type=\"heading.default\">\n\t\t\t\t<div class=\"elementor-widget-container\">\n\t\t\t\t\t<h3 class=\"elementor-heading-title elementor-size-default\"><a href=\"\/en\/plan-du-site\/\">- Plan du site (page actuelle)<\/a><\/h3>\t\t\t\t<\/div>\n\t\t\t\t<\/div>\n\t\t\t\t\t<\/div>\n\t\t<\/div>\n\t\t\t\t<div class=\"elementor-column elementor-col-50 elementor-top-column elementor-element elementor-element-dccceac\" data-id=\"dccceac\" data-element_type=\"column\" data-e-type=\"column\">\n\t\t\t<div class=\"elementor-widget-wrap elementor-element-populated\">\n\t\t\t\t\t\t<div class=\"elementor-element elementor-element-b5012e9 elementor-widget elementor-widget-heading\" data-id=\"b5012e9\" data-element_type=\"widget\" data-e-type=\"widget\" data-widget_type=\"heading.default\">\n\t\t\t\t<div class=\"elementor-widget-container\">\n\t\t\t\t\t<h2 class=\"elementor-heading-title elementor-size-default\">Liens externes<\/h2>\t\t\t\t<\/div>\n\t\t\t\t<\/div>\n\t\t\t\t<div class=\"elementor-element elementor-element-01da4ad elementor-widget elementor-widget-heading\" data-id=\"01da4ad\" data-element_type=\"widget\" data-e-type=\"widget\" title=\"Lien externe vers la boutique en ligne saveurs-integrales.org, o\u00f9 sont vendus les produits\" data-widget_type=\"heading.default\">\n\t\t\t\t<div class=\"elementor-widget-container\">\n\t\t\t\t\t<h3 class=\"elementor-heading-title elementor-size-default\"><a href=\"https:\/\/www.saveurs-integrales.org\/\">- La boutique: saveurs-integrales.org<\/a><\/h3>\t\t\t\t<\/div>\n\t\t\t\t<\/div>\n\t\t\t\t<div class=\"elementor-element elementor-element-027fb96 elementor-widget elementor-widget-heading\" data-id=\"027fb96\" data-element_type=\"widget\" data-e-type=\"widget\" title=\"Lien externe vers la page facebook de la Ferme Int\u00e9grale\" data-widget_type=\"heading.default\">\n\t\t\t\t<div class=\"elementor-widget-container\">\n\t\t\t\t\t<h3 class=\"elementor-heading-title elementor-size-default\"><a href=\"https:\/\/www.facebook.com\/lafermeintegrale\/\">- La Ferme Int\u00e9grale sur facebook<\/a><\/h3>\t\t\t\t<\/div>\n\t\t\t\t<\/div>\n\t\t\t\t<div class=\"elementor-element elementor-element-c275638 elementor-widget elementor-widget-heading\" data-id=\"c275638\" data-element_type=\"widget\" data-e-type=\"widget\" title=\"Lien externe vers la page LinkedIn de la Ferme Int\u00e9grale\" data-widget_type=\"heading.default\">\n\t\t\t\t<div class=\"elementor-widget-container\">\n\t\t\t\t\t<h3 class=\"elementor-heading-title elementor-size-default\"><a href=\"https:\/\/www.linkedin.com\/company\/la-ferme-integrale\/\">- La Ferme Int\u00e9grale sur LinkedIn<\/a><\/h3>\t\t\t\t<\/div>\n\t\t\t\t<\/div>\n\t\t\t\t<div class=\"elementor-element elementor-element-b4ff2e7 elementor-widget elementor-widget-heading\" data-id=\"b4ff2e7\" data-element_type=\"widget\" data-e-type=\"widget\" title=\"Lien externe vers la page Instagram de la Ferme Int\u00e9grale\" data-widget_type=\"heading.default\">\n\t\t\t\t<div class=\"elementor-widget-container\">\n\t\t\t\t\t<h3 class=\"elementor-heading-title elementor-size-default\"><a href=\"https:\/\/www.instagram.com\/lafermeintegrale\/?hl=fr\">- La Ferme Int\u00e9grale sur Instagram<\/a><\/h3>\t\t\t\t<\/div>\n\t\t\t\t<\/div>\n\t\t\t\t\t<\/div>\n\t\t<\/div>\n\t\t\t\t\t<\/div>\n\t\t<\/section>\n\t\t\t\t<\/div>","protected":false},"excerpt":{"rendered":"<p>Pages &#8211; Accueil &#8211; Qui sommes-nous? La Ferme: &#8211; Le concept &#8211; Notre exp\u00e9rience &#8211; Contact &#038; infos &#8211; Votre Ferme Int\u00e9grale &#8211; Mentions l\u00e9gales &#8211; Politique de confidentialit\u00e9 &#8211; Plan du site (page actuelle) Liens externes &#8211; La boutique: saveurs-integrales.org &#8211; La Ferme Int\u00e9grale sur facebook &#8211; La Ferme Int\u00e9grale sur LinkedIn &#8211; La [&hellip;]<\/p>","protected":false},"author":1,"featured_media":0,"parent":0,"menu_order":0,"comment_status":"closed","ping_status":"closed","template":"elementor_header_footer","meta":{"footnotes":""},"class_list":["post-2631","page","type-page","status-publish","hentry"],"yoast_head":"<!-- This site is optimized with the Yoast SEO plugin v27.4 - https:\/\/yoast.com\/product\/yoast-seo-wordpress\/ -->\n<title>Plan du site - La Ferme Int\u00e9grale<\/title>\n<meta name=\"robots\" content=\"index, follow, max-snippet:-1, max-image-preview:large, max-video-preview:-1\" \/>\n<link rel=\"canonical\" href=\"https:\/\/ferme-integrale.org\/en\/plan-du-site\/\" \/>\n<meta property=\"og:locale\" content=\"en_GB\" \/>\n<meta property=\"og:type\" content=\"article\" \/>\n<meta property=\"og:title\" content=\"Plan du site - La Ferme Int\u00e9grale\" \/>\n<meta property=\"og:description\" content=\"Pages &#8211; Accueil &#8211; Qui sommes-nous? La Ferme: &#8211; Le concept &#8211; Notre exp\u00e9rience &#8211; Contact &#038; infos &#8211; Votre Ferme Int\u00e9grale &#8211; Mentions l\u00e9gales &#8211; Politique de confidentialit\u00e9 &#8211; Plan du site (page actuelle) Liens externes &#8211; La boutique: saveurs-integrales.org &#8211; La Ferme Int\u00e9grale sur facebook &#8211; La Ferme Int\u00e9grale sur LinkedIn &#8211; La [&hellip;]\" \/>\n<meta property=\"og:url\" content=\"https:\/\/ferme-integrale.org\/en\/plan-du-site\/\" \/>\n<meta property=\"og:site_name\" content=\"La Ferme Int\u00e9grale\" \/>\n<meta property=\"article:publisher\" content=\"https:\/\/www.facebook.com\/lafermeintegrale\/\" \/>\n<meta property=\"article:modified_time\" content=\"2022-10-11T12:40:59+00:00\" \/>\n<meta property=\"og:image\" content=\"https:\/\/ferme-integrale.org\/wp-content\/uploads\/2022\/10\/ferme-integrale-fond-banniere-scaled.webp\" \/>\n\t<meta property=\"og:image:width\" content=\"2560\" \/>\n\t<meta property=\"og:image:height\" content=\"1707\" \/>\n\t<meta property=\"og:image:type\" content=\"image\/webp\" \/>\n<meta name=\"twitter:card\" content=\"summary_large_image\" \/>\n<script type=\"application\/ld+json\" class=\"yoast-schema-graph\">{\"@context\":\"https:\\\/\\\/schema.org\",\"@graph\":[{\"@type\":\"WebPage\",\"@id\":\"https:\\\/\\\/ferme-integrale.org\\\/plan-du-site\\\/\",\"url\":\"https:\\\/\\\/ferme-integrale.org\\\/plan-du-site\\\/\",\"name\":\"Plan du site - La Ferme Int\u00e9grale\",\"isPartOf\":{\"@id\":\"https:\\\/\\\/ferme-integrale.org\\\/#website\"},\"datePublished\":\"2022-10-11T11:15:32+00:00\",\"dateModified\":\"2022-10-11T12:40:59+00:00\",\"inLanguage\":\"en-GB\",\"potentialAction\":[{\"@type\":\"ReadAction\",\"target\":[\"https:\\\/\\\/ferme-integrale.org\\\/plan-du-site\\\/\"]}]},{\"@type\":\"WebSite\",\"@id\":\"https:\\\/\\\/ferme-integrale.org\\\/#website\",\"url\":\"https:\\\/\\\/ferme-integrale.org\\\/\",\"name\":\"La Ferme Int\u00e9grale\",\"description\":\"Des produits frais, aux portes des villes\",\"publisher\":{\"@id\":\"https:\\\/\\\/ferme-integrale.org\\\/#organization\"},\"potentialAction\":[{\"@type\":\"SearchAction\",\"target\":{\"@type\":\"EntryPoint\",\"urlTemplate\":\"https:\\\/\\\/ferme-integrale.org\\\/?s={search_term_string}\"},\"query-input\":{\"@type\":\"PropertyValueSpecification\",\"valueRequired\":true,\"valueName\":\"search_term_string\"}}],\"inLanguage\":\"en-GB\"},{\"@type\":\"Organization\",\"@id\":\"https:\\\/\\\/ferme-integrale.org\\\/#organization\",\"name\":\"La Ferme Int\u00e9grale\",\"url\":\"https:\\\/\\\/ferme-integrale.org\\\/\",\"logo\":{\"@type\":\"ImageObject\",\"inLanguage\":\"en-GB\",\"@id\":\"https:\\\/\\\/ferme-integrale.org\\\/#\\\/schema\\\/logo\\\/image\\\/\",\"url\":\"https:\\\/\\\/ferme-integrale.org\\\/wp-content\\\/uploads\\\/2023\\\/02\\\/Logo-LFI_N.png\",\"contentUrl\":\"https:\\\/\\\/ferme-integrale.org\\\/wp-content\\\/uploads\\\/2023\\\/02\\\/Logo-LFI_N.png\",\"width\":554,\"height\":353,\"caption\":\"La Ferme Int\u00e9grale\"},\"image\":{\"@id\":\"https:\\\/\\\/ferme-integrale.org\\\/#\\\/schema\\\/logo\\\/image\\\/\"},\"sameAs\":[\"https:\\\/\\\/www.facebook.com\\\/lafermeintegrale\\\/\",\"https:\\\/\\\/www.linkedin.com\\\/company\\\/la-ferme-integrale\",\"https:\\\/\\\/www.instagram.com\\\/lafermeintegrale\\\/\"]}]}<\/script>\n<!-- \/ Yoast SEO plugin. -->","yoast_head_json":{"title":"Plan du site - La Ferme Int\u00e9grale","robots":{"index":"index","follow":"follow","max-snippet":"max-snippet:-1","max-image-preview":"max-image-preview:large","max-video-preview":"max-video-preview:-1"},"canonical":"https:\/\/ferme-integrale.org\/en\/plan-du-site\/","og_locale":"en_GB","og_type":"article","og_title":"Plan du site - La Ferme Int\u00e9grale","og_description":"Pages &#8211; Accueil &#8211; Qui sommes-nous? La Ferme: &#8211; Le concept &#8211; Notre exp\u00e9rience &#8211; Contact &#038; infos &#8211; Votre Ferme Int\u00e9grale &#8211; Mentions l\u00e9gales &#8211; Politique de confidentialit\u00e9 &#8211; Plan du site (page actuelle) Liens externes &#8211; La boutique: saveurs-integrales.org &#8211; La Ferme Int\u00e9grale sur facebook &#8211; La Ferme Int\u00e9grale sur LinkedIn &#8211; La [&hellip;]","og_url":"https:\/\/ferme-integrale.org\/en\/plan-du-site\/","og_site_name":"La Ferme Int\u00e9grale","article_publisher":"https:\/\/www.facebook.com\/lafermeintegrale\/","article_modified_time":"2022-10-11T12:40:59+00:00","og_image":[{"width":2560,"height":1707,"url":"https:\/\/ferme-integrale.org\/wp-content\/uploads\/2022\/10\/ferme-integrale-fond-banniere-scaled.webp","type":"image\/webp"}],"twitter_card":"summary_large_image","schema":{"@context":"https:\/\/schema.org","@graph":[{"@type":"WebPage","@id":"https:\/\/ferme-integrale.org\/plan-du-site\/","url":"https:\/\/ferme-integrale.org\/plan-du-site\/","name":"Plan du site - La Ferme Int\u00e9grale","isPartOf":{"@id":"https:\/\/ferme-integrale.org\/#website"},"datePublished":"2022-10-11T11:15:32+00:00","dateModified":"2022-10-11T12:40:59+00:00","inLanguage":"en-GB","potentialAction":[{"@type":"ReadAction","target":["https:\/\/ferme-integrale.org\/plan-du-site\/"]}]},{"@type":"WebSite","@id":"https:\/\/ferme-integrale.org\/#website","url":"https:\/\/ferme-integrale.org\/","name":"La Ferme Int\u00e9grale","description":"Des produits frais, aux portes des villes","publisher":{"@id":"https:\/\/ferme-integrale.org\/#organization"},"potentialAction":[{"@type":"SearchAction","target":{"@type":"EntryPoint","urlTemplate":"https:\/\/ferme-integrale.org\/?s={search_term_string}"},"query-input":{"@type":"PropertyValueSpecification","valueRequired":true,"valueName":"search_term_string"}}],"inLanguage":"en-GB"},{"@type":"Organization","@id":"https:\/\/ferme-integrale.org\/#organization","name":"La Ferme Int\u00e9grale","url":"https:\/\/ferme-integrale.org\/","logo":{"@type":"ImageObject","inLanguage":"en-GB","@id":"https:\/\/ferme-integrale.org\/#\/schema\/logo\/image\/","url":"https:\/\/ferme-integrale.org\/wp-content\/uploads\/2023\/02\/Logo-LFI_N.png","contentUrl":"https:\/\/ferme-integrale.org\/wp-content\/uploads\/2023\/02\/Logo-LFI_N.png","width":554,"height":353,"caption":"La Ferme Int\u00e9grale"},"image":{"@id":"https:\/\/ferme-integrale.org\/#\/schema\/logo\/image\/"},"sameAs":["https:\/\/www.facebook.com\/lafermeintegrale\/","https:\/\/www.linkedin.com\/company\/la-ferme-integrale","https:\/\/www.instagram.com\/lafermeintegrale\/"]}]}},"_links":{"self":[{"href":"https:\/\/ferme-integrale.org\/en\/wp-json\/wp\/v2\/pages\/2631","targetHints":{"allow":["GET"]}}],"collection":[{"href":"https:\/\/ferme-integrale.org\/en\/wp-json\/wp\/v2\/pages"}],"about":[{"href":"https:\/\/ferme-integrale.org\/en\/wp-json\/wp\/v2\/types\/page"}],"author":[{"embeddable":true,"href":"https:\/\/ferme-integrale.org\/en\/wp-json\/wp\/v2\/users\/1"}],"replies":[{"embeddable":true,"href":"https:\/\/ferme-integrale.org\/en\/wp-json\/wp\/v2\/comments?post=2631"}],"version-history":[{"count":0,"href":"https:\/\/ferme-integrale.org\/en\/wp-json\/wp\/v2\/pages\/2631\/revisions"}],"wp:attachment":[{"href":"https:\/\/ferme-integrale.org\/en\/wp-json\/wp\/v2\/media?parent=2631"}],"curies":[{"name":"wp","href":"https:\/\/api.w.org\/{rel}","templated":true}]}}